{"id":111,"date":"2026-04-04T09:47:42","date_gmt":"2026-04-04T12:47:42","guid":{"rendered":"https:\/\/rapidcartstore.shop\/?page_id=111"},"modified":"2026-04-05T13:02:56","modified_gmt":"2026-04-05T16:02:56","slug":"artizynt","status":"publish","type":"page","link":"https:\/\/rapidcartstore.shop\/index.php\/artizynt\/","title":{"rendered":"artizynt"},"content":{"rendered":"\t\t<div data-elementor-type=\"wp-page\" data-elementor-id=\"111\" class=\"elementor elementor-111\">\n\t\t\t\t<div class=\"elementor-element elementor-element-f6cc56f e-flex e-con-boxed e-con e-parent\" data-id=\"f6cc56f\" data-element_type=\"container\" data-e-type=\"container\">\n\t\t\t\t\t<div class=\"e-con-inner\">\n\t\t\t\t<div class=\"elementor-element elementor-element-a479f43 elementor-widget elementor-widget-image\" data-id=\"a479f43\" data-element_type=\"widget\" data-e-type=\"widget\" data-widget_type=\"image.default\">\n\t\t\t\t\t\t\t\t\t\t\t\t\t\t\t<img fetchpriority=\"high\" decoding=\"async\" width=\"798\" height=\"82\" src=\"https:\/\/rapidcartstore.shop\/wp-content\/uploads\/2026\/04\/ScreenShot-Tool-20260405122509.png\" class=\"attachment-large size-large wp-image-238\" alt=\"\" srcset=\"https:\/\/rapidcartstore.shop\/wp-content\/uploads\/2026\/04\/ScreenShot-Tool-20260405122509.png 798w, https:\/\/rapidcartstore.shop\/wp-content\/uploads\/2026\/04\/ScreenShot-Tool-20260405122509-300x31.png 300w, https:\/\/rapidcartstore.shop\/wp-content\/uploads\/2026\/04\/ScreenShot-Tool-20260405122509-768x79.png 768w\" sizes=\"(max-width: 798px) 100vw, 798px\" \/>\t\t\t\t\t\t\t\t\t\t\t\t\t\t\t<\/div>\n\t\t\t\t\t<\/div>\n\t\t\t\t<\/div>\n\t\t<div class=\"elementor-element elementor-element-73bd882 e-flex e-con-boxed e-con e-parent\" data-id=\"73bd882\" data-element_type=\"container\" data-e-type=\"container\">\n\t\t\t\t\t<div class=\"e-con-inner\">\n\t\t<div class=\"elementor-element elementor-element-38a81cf e-con-full e-flex e-con e-child\" data-id=\"38a81cf\" data-element_type=\"container\" data-e-type=\"container\">\n\t\t\t\t<div class=\"elementor-element elementor-element-c624972 e-transform elementor-widget elementor-widget-heading\" data-id=\"c624972\" data-element_type=\"widget\" data-e-type=\"widget\" data-settings=\"{&quot;_transform_translateY_effect&quot;:{&quot;unit&quot;:&quot;px&quot;,&quot;size&quot;:164,&quot;sizes&quot;:[]},&quot;_transform_translateY_effect_mobile&quot;:{&quot;unit&quot;:&quot;px&quot;,&quot;size&quot;:13,&quot;sizes&quot;:[]},&quot;_transform_translateX_effect&quot;:{&quot;unit&quot;:&quot;px&quot;,&quot;size&quot;:&quot;&quot;,&quot;sizes&quot;:[]},&quot;_transform_translateX_effect_tablet&quot;:{&quot;unit&quot;:&quot;px&quot;,&quot;size&quot;:&quot;&quot;,&quot;sizes&quot;:[]},&quot;_transform_translateX_effect_mobile&quot;:{&quot;unit&quot;:&quot;px&quot;,&quot;size&quot;:&quot;&quot;,&quot;sizes&quot;:[]},&quot;_transform_translateY_effect_tablet&quot;:{&quot;unit&quot;:&quot;px&quot;,&quot;size&quot;:&quot;&quot;,&quot;sizes&quot;:[]}}\" data-widget_type=\"heading.default\">\n\t\t\t\t\t<h2 class=\"elementor-heading-title elementor-size-default\">\u201cArtiZynt kaufen? Was Sie vor der Bestellung unbedingt wissen sollten\u201d<\/h2>\t\t\t\t<\/div>\n\t\t\t\t<\/div>\n\t\t<div class=\"elementor-element elementor-element-3c0c82e e-con-full e-flex e-con e-child\" data-id=\"3c0c82e\" data-element_type=\"container\" data-e-type=\"container\">\n\t\t\t\t<div class=\"elementor-element elementor-element-6882224 e-transform elementor-widget elementor-widget-image\" data-id=\"6882224\" data-element_type=\"widget\" data-e-type=\"widget\" data-settings=\"{&quot;_transform_translateY_effect_mobile&quot;:{&quot;unit&quot;:&quot;px&quot;,&quot;size&quot;:68,&quot;sizes&quot;:[]},&quot;_transform_translateX_effect&quot;:{&quot;unit&quot;:&quot;px&quot;,&quot;size&quot;:&quot;&quot;,&quot;sizes&quot;:[]},&quot;_transform_translateX_effect_tablet&quot;:{&quot;unit&quot;:&quot;px&quot;,&quot;size&quot;:&quot;&quot;,&quot;sizes&quot;:[]},&quot;_transform_translateX_effect_mobile&quot;:{&quot;unit&quot;:&quot;px&quot;,&quot;size&quot;:&quot;&quot;,&quot;sizes&quot;:[]},&quot;_transform_translateY_effect&quot;:{&quot;unit&quot;:&quot;px&quot;,&quot;size&quot;:&quot;&quot;,&quot;sizes&quot;:[]},&quot;_transform_translateY_effect_tablet&quot;:{&quot;unit&quot;:&quot;px&quot;,&quot;size&quot;:&quot;&quot;,&quot;sizes&quot;:[]}}\" data-widget_type=\"image.default\">\n\t\t\t\t\t\t\t\t\t\t\t\t\t\t\t<img decoding=\"async\" width=\"639\" height=\"1024\" src=\"https:\/\/rapidcartstore.shop\/wp-content\/uploads\/2026\/04\/Gemini_Generated_Image_6d2txr6d2txr6d2t-639x1024.png\" class=\"attachment-large size-large wp-image-113\" alt=\"\" srcset=\"https:\/\/rapidcartstore.shop\/wp-content\/uploads\/2026\/04\/Gemini_Generated_Image_6d2txr6d2txr6d2t-639x1024.png 639w, https:\/\/rapidcartstore.shop\/wp-content\/uploads\/2026\/04\/Gemini_Generated_Image_6d2txr6d2txr6d2t-187x300.png 187w, https:\/\/rapidcartstore.shop\/wp-content\/uploads\/2026\/04\/Gemini_Generated_Image_6d2txr6d2txr6d2t-768x1231.png 768w, https:\/\/rapidcartstore.shop\/wp-content\/uploads\/2026\/04\/Gemini_Generated_Image_6d2txr6d2txr6d2t.png 816w\" sizes=\"(max-width: 639px) 100vw, 639px\" \/>\t\t\t\t\t\t\t\t\t\t\t\t\t\t\t<\/div>\n\t\t\t\t<\/div>\n\t\t\t\t\t<\/div>\n\t\t\t\t<\/div>\n\t\t<div class=\"elementor-element elementor-element-3ab6c54 e-flex e-con-boxed e-con e-parent\" data-id=\"3ab6c54\" data-element_type=\"container\" data-e-type=\"container\">\n\t\t\t\t\t<div class=\"e-con-inner\">\n\t\t\t\t\t<\/div>\n\t\t\t\t<\/div>\n\t\t<div class=\"elementor-element elementor-element-4c0c5c8 e-flex e-con-boxed e-con e-parent\" data-id=\"4c0c5c8\" data-element_type=\"container\" data-e-type=\"container\">\n\t\t\t\t\t<div class=\"e-con-inner\">\n\t\t\t\t\t<\/div>\n\t\t\t\t<\/div>\n\t\t<div class=\"elementor-element elementor-element-0aab427 e-flex e-con-boxed e-con e-parent\" data-id=\"0aab427\" data-element_type=\"container\" data-e-type=\"container\">\n\t\t\t\t\t<div class=\"e-con-inner\">\n\t\t\t\t<div class=\"elementor-element elementor-element-f536066 elementor-align-center elementor-invisible elementor-widget elementor-widget-button\" data-id=\"f536066\" data-element_type=\"widget\" data-e-type=\"widget\" data-settings=\"{&quot;_animation&quot;:&quot;fadeIn&quot;}\" data-widget_type=\"button.default\">\n\t\t\t\t\t\t\t\t\t\t<a class=\"elementor-button elementor-button-link elementor-size-sm\" href=\"https:\/\/jh0cz.doctormvp2.com\/l\">\n\t\t\t\t\t\t<span class=\"elementor-button-content-wrapper\">\n\t\t\t\t\t\t\t\t\t<span class=\"elementor-button-text\">Deutschland<\/span>\n\t\t\t\t\t<\/span>\n\t\t\t\t\t<\/a>\n\t\t\t\t\t\t\t\t<\/div>\n\t\t\t\t\t<\/div>\n\t\t\t\t<\/div>\n\t\t<div class=\"elementor-element elementor-element-dab68a3 e-flex e-con-boxed e-con e-parent\" data-id=\"dab68a3\" data-element_type=\"container\" data-e-type=\"container\">\n\t\t\t\t\t<div class=\"e-con-inner\">\n\t\t\t\t<div class=\"elementor-element elementor-element-158f92a elementor-align-center elementor-widget elementor-widget-button\" data-id=\"158f92a\" data-element_type=\"widget\" data-e-type=\"widget\" data-settings=\"{&quot;_animation_mobile&quot;:&quot;fadeIn&quot;}\" data-widget_type=\"button.default\">\n\t\t\t\t\t\t\t\t\t\t<a class=\"elementor-button elementor-button-link elementor-size-sm\" href=\"https:\/\/jh0cz.doctormvp2.com\/l\">\n\t\t\t\t\t\t<span class=\"elementor-button-content-wrapper\">\n\t\t\t\t\t\t\t\t\t<span class=\"elementor-button-text\">Frankreich<\/span>\n\t\t\t\t\t<\/span>\n\t\t\t\t\t<\/a>\n\t\t\t\t\t\t\t\t<\/div>\n\t\t\t\t\t<\/div>\n\t\t\t\t<\/div>\n\t\t<div class=\"elementor-element elementor-element-6429f1d e-flex e-con-boxed e-con e-parent\" data-id=\"6429f1d\" data-element_type=\"container\" data-e-type=\"container\">\n\t\t\t\t\t<div class=\"e-con-inner\">\n\t\t\t\t<div class=\"elementor-element elementor-element-f2921dd elementor-widget elementor-widget-text-editor\" data-id=\"f2921dd\" data-element_type=\"widget\" data-e-type=\"widget\" data-widget_type=\"text-editor.default\">\n\t\t\t\t\t\t\t\t\t<p>Unsere Mitarbeiter rufen Sie nach der Bestellung an<\/p>\t\t\t\t\t\t\t\t<\/div>\n\t\t\t\t\t<\/div>\n\t\t\t\t<\/div>\n\t\t<div class=\"elementor-element elementor-element-e3a82e7 e-flex e-con-boxed e-con e-parent\" data-id=\"e3a82e7\" data-element_type=\"container\" data-e-type=\"container\">\n\t\t\t\t\t<div class=\"e-con-inner\">\n\t\t\t\t<div class=\"elementor-element elementor-element-9fedde1 elementor-widget elementor-widget-image\" data-id=\"9fedde1\" data-element_type=\"widget\" data-e-type=\"widget\" data-widget_type=\"image.default\">\n\t\t\t\t\t\t\t\t\t\t\t\t\t\t\t<img decoding=\"async\" width=\"1024\" height=\"540\" src=\"https:\/\/rapidcartstore.shop\/wp-content\/uploads\/2026\/04\/dreamina-2026-04-04-2049-Realistic-photo-of-a-female-call-center-1-1-1024x540.jpeg\" class=\"attachment-large size-large wp-image-202\" alt=\"\" srcset=\"https:\/\/rapidcartstore.shop\/wp-content\/uploads\/2026\/04\/dreamina-2026-04-04-2049-Realistic-photo-of-a-female-call-center-1-1-1024x540.jpeg 1024w, https:\/\/rapidcartstore.shop\/wp-content\/uploads\/2026\/04\/dreamina-2026-04-04-2049-Realistic-photo-of-a-female-call-center-1-1-300x158.jpeg 300w, https:\/\/rapidcartstore.shop\/wp-content\/uploads\/2026\/04\/dreamina-2026-04-04-2049-Realistic-photo-of-a-female-call-center-1-1-768x405.jpeg 768w, https:\/\/rapidcartstore.shop\/wp-content\/uploads\/2026\/04\/dreamina-2026-04-04-2049-Realistic-photo-of-a-female-call-center-1-1-1536x810.jpeg 1536w, https:\/\/rapidcartstore.shop\/wp-content\/uploads\/2026\/04\/dreamina-2026-04-04-2049-Realistic-photo-of-a-female-call-center-1-1-2048x1080.jpeg 2048w\" sizes=\"(max-width: 1024px) 100vw, 1024px\" \/>\t\t\t\t\t\t\t\t\t\t\t\t\t\t\t<\/div>\n\t\t\t\t\t<\/div>\n\t\t\t\t<\/div>\n\t\t<div class=\"elementor-element elementor-element-d567ab9 e-flex e-con-boxed e-con e-parent\" data-id=\"d567ab9\" data-element_type=\"container\" data-e-type=\"container\">\n\t\t\t\t\t<div class=\"e-con-inner\">\n\t\t\t\t<div class=\"elementor-element elementor-element-38f05f4 elementor-widget elementor-widget-text-editor\" data-id=\"38f05f4\" data-element_type=\"widget\" data-e-type=\"widget\" data-widget_type=\"text-editor.default\">\n\t\t\t\t\t\t\t\t\t<p>\u260e\ufe0f 24\/7 Kundenservice verf\u00fcgbar<\/p>\t\t\t\t\t\t\t\t<\/div>\n\t\t\t\t\t<\/div>\n\t\t\t\t<\/div>\n\t\t<div class=\"elementor-element elementor-element-9a0c646 e-flex e-con-boxed e-con e-parent\" data-id=\"9a0c646\" data-element_type=\"container\" data-e-type=\"container\">\n\t\t\t\t\t<div class=\"e-con-inner\">\n\t\t\t\t<div class=\"elementor-element elementor-element-f8491f1 elementor-widget elementor-widget-text-editor\" data-id=\"f8491f1\" data-element_type=\"widget\" data-e-type=\"widget\" data-widget_type=\"text-editor.default\">\n\t\t\t\t\t\t\t\t\t<p data-start=\"0\" data-end=\"816\">Die ArtiZynt-Creme ist eine innovative L\u00f6sung zur Unterst\u00fctzung der Gelenkgesundheit und basiert auf einer Kombination aus 100 % nat\u00fcrlichen Inhaltsstoffen sowie klinisch nachgewiesener Wirksamkeit. Dieses Produkt wurde entwickelt, um Menschen zu helfen, die unter Arthritis, Arthrose oder allgemeinen Gelenkschmerzen leiden, indem es nicht nur die Symptome lindert, sondern auch die zugrunde liegenden Ursachen bek\u00e4mpft. Dank der enthaltenen \u00e4therischen \u00d6le dringen die Wirkstoffe tief in die Gelenkstruktur ein und f\u00f6rdern die Regeneration des Knorpelgewebes. Bereits 15 Minuten nach der Anwendung kann eine sp\u00fcrbare Schmerzlinderung eintreten, w\u00e4hrend regelm\u00e4\u00dfige Anwendung dazu beitr\u00e4gt, Schwellungen und Entz\u00fcndungen zu reduzieren und die Beweglichkeit der Gelenke innerhalb von 10 Tagen deutlich zu verbessern.<\/p><p data-start=\"818\" data-end=\"1454\">Ein wesentlicher Vorteil der ArtiZynt-Creme liegt in ihrer ganzheitlichen Wirkung. W\u00e4hrend viele herk\u00f6mmliche Produkte lediglich eine kurzfristige, oberfl\u00e4chliche Linderung bieten, unterst\u00fctzt diese Formel aktiv die Wiederherstellung des Gewebes und beugt weiteren Sch\u00e4den vor. Inhaltsstoffe wie Arnica-Montana-Extrakt, Eukalyptus\u00f6l, Glucosaminsulfat und Natriumchondroitinsulfat wirken synergistisch, um die Durchblutung zu verbessern, die Regeneration zu beschleunigen und die Struktur von Knochen, B\u00e4ndern und Sehnen zu st\u00e4rken. Dadurch wird nicht nur der aktuelle Zustand verbessert, sondern auch zuk\u00fcnftigen Beschwerden vorgebeugt.<\/p><p data-start=\"1456\" data-end=\"1999\" data-is-last-node=\"\" data-is-only-node=\"\">Die Anwendung ist einfach: Eine kleine Menge der Creme wird mit leichten Massagebewegungen direkt auf die betroffene Stelle aufgetragen, idealerweise dreimal t\u00e4glich \u00fcber einen Zeitraum von 10 bis 30 Tagen. Anwender berichten von schnellen und nachhaltigen Ergebnissen, darunter reduzierte Schmerzen, erh\u00f6hte Beweglichkeit und eine deutliche Verbesserung der Lebensqualit\u00e4t. ArtiZynt stellt somit eine effektive und sichere Option dar, um Gelenkbeschwerden gezielt zu behandeln und langfristig ein aktives, schmerzfreies Leben zu unterst\u00fctzen.<\/p>\t\t\t\t\t\t\t\t<\/div>\n\t\t\t\t\t<\/div>\n\t\t\t\t<\/div>\n\t\t<div class=\"elementor-element elementor-element-2614dbe e-flex e-con-boxed e-con e-parent\" data-id=\"2614dbe\" data-element_type=\"container\" data-e-type=\"container\" data-settings=\"{&quot;background_background&quot;:&quot;classic&quot;}\">\n\t\t\t\t\t<div class=\"e-con-inner\">\n\t\t\t\t<div class=\"elementor-element elementor-element-0ffdcb9 elementor-widget elementor-widget-text-editor\" data-id=\"0ffdcb9\" data-element_type=\"widget\" data-e-type=\"widget\" data-widget_type=\"text-editor.default\">\n\t\t\t\t\t\t\t\t\t<p>Die Produkte (Pr\u00e4parate) auf dieser Website dienen nicht der Vorbeugung oder Behandlung von Krankheiten. Nicht anwenden bei \u00dcberempfindlichkeit gegen einen der Inhaltsstoffe des Produkts (Pr\u00e4parats). Die Zusammensetzung, Informationen \u00fcber Anwendung, Eigenschaften, Vorsichtsma\u00dfnahmen, Lagerung und das Verfallsdatum finden Sie auf der Verpackung jedes Produkts (Pr\u00e4parats). Wir k\u00f6nnen nicht garantieren, dass jeder Anwender unserer Produkte die gleichen Ergebnisse erzielt. Die beschriebenen Wirkungen der einzelnen Produkte sind f\u00fcr jeden Menschen individuell und die Produkte k\u00f6nnen je nach den individuellen Eigenschaften des jeweiligen K\u00f6rpers unterschiedliche Ergebnisse bringen.<\/p>\t\t\t\t\t\t\t\t<\/div>\n\t\t\t\t\t<\/div>\n\t\t\t\t<\/div>\n\t\t<div class=\"elementor-element elementor-element-07b3892 e-flex e-con-boxed e-con e-parent\" data-id=\"07b3892\" data-element_type=\"container\" data-e-type=\"container\" data-settings=\"{&quot;background_background&quot;:&quot;classic&quot;}\">\n\t\t\t\t\t<div class=\"e-con-inner\">\n\t\t\t\t<div class=\"elementor-element elementor-element-cef1f2f elementor-widget elementor-widget-heading\" data-id=\"cef1f2f\" data-element_type=\"widget\" data-e-type=\"widget\" data-widget_type=\"heading.default\">\n\t\t\t\t\t<h6 class=\"elementor-heading-title elementor-size-default\">Copyright \u00a9 2022.\n\nNutzungsbedingungen Datenschutzerkl\u00e4rung Kontakt<\/h6>\t\t\t\t<\/div>\n\t\t\t\t\t<\/div>\n\t\t\t\t<\/div>\n\t\t\t\t<\/div>\n\t\t","protected":false},"excerpt":{"rendered":"<p>\u201cArtiZynt kaufen? Was Sie vor der Bestellung unbedingt wissen sollten\u201d Deutschland Frankreich Unsere Mitarbeiter rufen Sie nach der Bestellung an \u260e\ufe0f 24\/7 Kundenservice verf\u00fcgbar Die ArtiZynt-Creme ist eine innovative L\u00f6sung zur Unterst\u00fctzung der Gelenkgesundheit und basiert auf einer Kombination aus 100 % nat\u00fcrlichen Inhaltsstoffen sowie klinisch nachgewiesener Wirksamkeit. Dieses Produkt wurde entwickelt, um Menschen zu [&hellip;]<\/p>\n","protected":false},"author":1,"featured_media":0,"parent":0,"menu_order":0,"comment_status":"closed","ping_status":"closed","template":"elementor_canvas","meta":{"footnotes":""},"class_list":["post-111","page","type-page","status-publish","hentry"],"_links":{"self":[{"href":"https:\/\/rapidcartstore.shop\/index.php\/wp-json\/wp\/v2\/pages\/111","targetHints":{"allow":["GET"]}}],"collection":[{"href":"https:\/\/rapidcartstore.shop\/index.php\/wp-json\/wp\/v2\/pages"}],"about":[{"href":"https:\/\/rapidcartstore.shop\/index.php\/wp-json\/wp\/v2\/types\/page"}],"author":[{"embeddable":true,"href":"https:\/\/rapidcartstore.shop\/index.php\/wp-json\/wp\/v2\/users\/1"}],"replies":[{"embeddable":true,"href":"https:\/\/rapidcartstore.shop\/index.php\/wp-json\/wp\/v2\/comments?post=111"}],"version-history":[{"count":140,"href":"https:\/\/rapidcartstore.shop\/index.php\/wp-json\/wp\/v2\/pages\/111\/revisions"}],"predecessor-version":[{"id":263,"href":"https:\/\/rapidcartstore.shop\/index.php\/wp-json\/wp\/v2\/pages\/111\/revisions\/263"}],"wp:attachment":[{"href":"https:\/\/rapidcartstore.shop\/index.php\/wp-json\/wp\/v2\/media?parent=111"}],"curies":[{"name":"wp","href":"https:\/\/api.w.org\/{rel}","templated":true}]}}